{"id":6376,"date":"2020-08-08T03:08:15","date_gmt":"2020-08-08T03:08:15","guid":{"rendered":"https:\/\/puremin.com\/terminos-y-condiciones\/"},"modified":"2020-09-01T03:05:36","modified_gmt":"2020-09-01T03:05:36","slug":"terminos-y-condiciones","status":"publish","type":"page","link":"https:\/\/puremin.com\/pt-br\/terminos-y-condiciones\/","title":{"rendered":"T\u00e9rminos y condiciones"},"content":{"rendered":"\n\n\n<h3 class=\"wp-block-heading\">Pol\u00edtica de privacidade de contatos<\/h3>\n\n\n\n<p><strong><strong>Respons\u00e1vel<\/strong><\/strong><\/p>\n\n\n\n<p><strong>Quem \u00e9 o respons\u00e1vel pelo<\/strong> <strong>gerenciamento de seus dados?<\/strong><\/p>\n\n\n\n<p>PUREMIA S.A.P.I de C.V. (PUREMIN) Endere\u00e7o: Caminho a Puremin 1100, Pedro Escobedo, 76700, Queretaro E-mail: <a href=\"mailto:info@puremin.com\">info@puremin.com<\/a><\/p>\n\n\n\n<p>Endere\u00e7o para exerc\u00edcio de direitos das pessoas: Minerais e Produtos Derivados, S.A Departamento de Servi\u00e7os Jur\u00eddicos, c\/ Avenida Algorta no 16 Getxo (Vizcaya), Espanha. E-mail: <a href=\"mailto:lopd@grupominersa.com\">lopd@grupominersa.com<\/a><\/p>\n\n\n\n<p><strong>Finalidade<\/strong><\/p>\n\n\n\n<p><strong><strong>Para que gerenciamos seus dados?<\/strong><\/strong><\/p>\n\n\n\n<p>PUREMIN gerencia seus dados de forma facilitada para as seguintes finalidades:<\/p>\n\n\n\n<ul><li>Gerenciar a comunica\u00e7\u00e3o com as pessoas de contato com finalidade comercial e de continua\u00e7\u00e3o de rela\u00e7\u00f5es de interesse para PUREMIN e remiss\u00e3o, no caso, \u00e0 empresa do Grupo Minersa que em concreto se refira \u00e0 comunica\u00e7\u00e3o ou consulta.<\/li><li>Gerenciar o envio, por meios f\u00edsicos e\/ou eletr\u00f4nicos, de comunicados comerciais e divulga\u00e7\u00f5es de produtos e servi\u00e7os de PUREMIN.<\/li><\/ul>\n\n\n\n<p><strong>Legitima\u00e7\u00e3o<\/strong><\/p>\n\n\n\n<p><strong><strong>Qual \u00e9 a legitima\u00e7\u00e3o do gerenciamento de seus dados?<\/strong><\/strong><\/p>\n\n\n\n<p>A base legal para o gerenciamento de dados \u00e9 o interesse leg\u00edtimo da organiza\u00e7\u00e3o, conforme o art. 6.1.f) do Regulamento Europeu de Prote\u00e7\u00e3o de Dados.<\/p>\n\n\n\n<p><strong><strong>Destinat\u00e1rios<\/strong><\/strong><\/p>\n\n\n\n<p><strong><strong>A quais destinat\u00e1rios ser\u00e3o comunicados os dados?<\/strong><\/strong><\/p>\n\n\n\n<ul><li>Os dados pessoais n\u00e3o ser\u00e3o objetos de cess\u00e3o, exceto \u00e0s empresas pertencentes ao Grupo Minersa, ou caso seja necess\u00e1rio para dar prosseguimento \u00e0s obriga\u00e7\u00f5es legalmente estabelecidas ou para dar suporte aos servi\u00e7os de PUREMIN.<\/li><\/ul>\n\n\n\n<p><strong><strong>Transfer\u00eancias Internacionais<\/strong><\/strong><\/p>\n\n\n\n<ul><li>A gest\u00e3o de dados n\u00e3o pressup\u00f5e a realiza\u00e7\u00e3o de transfer\u00eancias internacionais destes dados<\/li><li>Em casos que a presta\u00e7\u00e3o de servi\u00e7os demande o compartilhamento de dados com prestadores de servi\u00e7os que oferecem suporte aos servi\u00e7os de PUREMIN, a transmiss\u00e3o dos dados se realiza com as garantias adequadas e preservando sua seguran\u00e7a<\/li><\/ul>\n\n\n\n<p><strong><strong>Conserva\u00e7\u00e3o<\/strong><\/strong><\/p>\n\n\n\n<p><strong><strong>Durante quanto tempo conservamos seus dados?<\/strong><\/strong><\/p>\n\n\n\n<ul><li>Os dados pessoais se conservar\u00e3o at\u00e9 que a pessoa interessada manifeste sua oposi\u00e7\u00e3o ou cancele em rela\u00e7\u00e3o \u00e0 finalidade ou finalidades a que se refira esta oposi\u00e7\u00e3o.<\/li><\/ul>\n\n\n\n<p><strong><strong>Direitos<\/strong><\/strong><\/p>\n\n\n\n<p><strong><strong>Quais s\u00e3o seus direitos quando nos fornece seus dados?<\/strong><\/strong><\/p>\n\n\n\n<ul><li>Qualquer pessoa tem o direito de saber se PUREMIN est\u00e1 gerenciando dados pessoais que lhe digam respeito<\/li><li>As pessoas interessadas t\u00eam o direito de acessar seus dados pessoais, assim como solicitar retifica\u00e7\u00e3o dos dados equivocados ou, no caso, solicitar a exclus\u00e3o quando, entre outros motivos, os dados j\u00e1 n\u00e3o sejam necess\u00e1rios para os fins que foram coletados.<\/li><li>Em determinadas circunst\u00e2ncias, as pessoas interessadas poder\u00e3o solicitar a limita\u00e7\u00e3o do manejamento de seus dados, que no caso somente se conservar\u00e3o para o exerc\u00edcio ou a defesa de reclama\u00e7\u00f5es.<\/li><li>Em determinadas circunst\u00e2ncias e por motivos relacionados com sua situa\u00e7\u00e3o particular, as pessoas interessadas poder\u00e3o se opor ao manejamento de seus dados. Neste caso, PUREMIN deixar\u00e1 de manejar os dados, exceto por raz\u00f5es leg\u00edtimas dominantes, ou pelo exerc\u00edcio ou a defesa de poss\u00edveis reclama\u00e7\u00f5es.<\/li><li>As pessoas interessadas poder\u00e3o solicitar a portabilidade dos dados para obter os dados que forneceram a PUREMIN de forma estruturada, de uso comum e leitura mec\u00e2nica, para serem baixados por eles mesmos ou transmitidos por PUREMIM \u00e0 outra sociedade.<\/li><li>A pessoa interessada poder\u00e1 exercer seus direitos enviando um e-mail para <a href=\"mailto:lopd@grupominersa.com\">lopd@grupominersa.com<\/a><\/li><\/ul>\n\n\n\n<p><strong><strong>Seguran\u00e7a<\/strong><\/strong><\/p>\n\n\n\n<ul><li>Os dados ser\u00e3o manejados de forma confidencial e sendo submetidos a medidas t\u00e9cnicas e organizativas de seguran\u00e7a adequadas para evitar sua altera\u00e7\u00e3o, perda, manejo ou acesso n\u00e3o autorizado.<\/li><\/ul>\n","protected":false},"excerpt":{"rendered":"<p>Pol\u00edtica de privacidade de contatos Respons\u00e1vel Quem \u00e9 o respons\u00e1vel pelo gerenciamento de seus dados? PUREMIA S.A.P.I de C.V. (PUREMIN) Endere\u00e7o: Caminho a Puremin 1100, Pedro Escobedo, 76700, Queretaro E-mail: info@puremin.com Endere\u00e7o para exerc\u00edcio de direitos das pessoas: Minerais e Produtos Derivados, S.A Departamento de Servi\u00e7os Jur\u00eddicos, c\/ Avenida Algorta no 16 Getxo (Vizcaya), Espanha. [&hellip;]<\/p>\n","protected":false},"author":6,"featured_media":0,"parent":0,"menu_order":0,"comment_status":"closed","ping_status":"closed","template":"","meta":{"inline_featured_image":false,"footnotes":""},"yoast_head":"<!-- This site is optimized with the Yoast SEO plugin v22.6 - https:\/\/yoast.com\/wordpress\/plugins\/seo\/ -->\n<title>T\u00e9rminos y condiciones - Puremin<\/title>\n<meta name=\"robots\" content=\"index, follow, max-snippet:-1, max-image-preview:large, max-video-preview:-1\" \/>\n<link rel=\"canonical\" href=\"https:\/\/puremin.com\/pt-br\/terminos-y-condiciones\/\" \/>\n<meta property=\"og:locale\" content=\"pt_BR\" \/>\n<meta property=\"og:type\" content=\"article\" \/>\n<meta property=\"og:title\" content=\"T\u00e9rminos y condiciones - Puremin\" \/>\n<meta property=\"og:description\" content=\"Pol\u00edtica de privacidade de contatos Respons\u00e1vel Quem \u00e9 o respons\u00e1vel pelo gerenciamento de seus dados? PUREMIA S.A.P.I de C.V. (PUREMIN) Endere\u00e7o: Caminho a Puremin 1100, Pedro Escobedo, 76700, Queretaro E-mail: info@puremin.com Endere\u00e7o para exerc\u00edcio de direitos das pessoas: Minerais e Produtos Derivados, S.A Departamento de Servi\u00e7os Jur\u00eddicos, c\/ Avenida Algorta no 16 Getxo (Vizcaya), Espanha. [&hellip;]\" \/>\n<meta property=\"og:url\" content=\"https:\/\/puremin.com\/pt-br\/terminos-y-condiciones\/\" \/>\n<meta property=\"og:site_name\" content=\"Puremin\" \/>\n<meta property=\"article:modified_time\" content=\"2020-09-01T03:05:36+00:00\" \/>\n<meta name=\"twitter:card\" content=\"summary_large_image\" \/>\n<meta name=\"twitter:label1\" content=\"Est. tempo de leitura\" \/>\n\t<meta name=\"twitter:data1\" content=\"3 minutos\" \/>\n<script type=\"application\/ld+json\" class=\"yoast-schema-graph\">{\"@context\":\"https:\/\/schema.org\",\"@graph\":[{\"@type\":\"WebPage\",\"@id\":\"https:\/\/puremin.com\/pt-br\/terminos-y-condiciones\/\",\"url\":\"https:\/\/puremin.com\/pt-br\/terminos-y-condiciones\/\",\"name\":\"T\u00e9rminos y condiciones - Puremin\",\"isPartOf\":{\"@id\":\"https:\/\/puremin.com\/pt-br\/#website\"},\"datePublished\":\"2020-08-08T03:08:15+00:00\",\"dateModified\":\"2020-09-01T03:05:36+00:00\",\"breadcrumb\":{\"@id\":\"https:\/\/puremin.com\/pt-br\/terminos-y-condiciones\/#breadcrumb\"},\"inLanguage\":\"pt-BR\",\"potentialAction\":[{\"@type\":\"ReadAction\",\"target\":[\"https:\/\/puremin.com\/pt-br\/terminos-y-condiciones\/\"]}]},{\"@type\":\"BreadcrumbList\",\"@id\":\"https:\/\/puremin.com\/pt-br\/terminos-y-condiciones\/#breadcrumb\",\"itemListElement\":[{\"@type\":\"ListItem\",\"position\":1,\"name\":\"Portada\",\"item\":\"https:\/\/puremin.com\/pt-br\/\"},{\"@type\":\"ListItem\",\"position\":2,\"name\":\"T\u00e9rminos y condiciones\"}]},{\"@type\":\"WebSite\",\"@id\":\"https:\/\/puremin.com\/pt-br\/#website\",\"url\":\"https:\/\/puremin.com\/pt-br\/\",\"name\":\"Puremin\",\"description\":\"\",\"publisher\":{\"@id\":\"https:\/\/puremin.com\/pt-br\/#organization\"},\"potentialAction\":[{\"@type\":\"SearchAction\",\"target\":{\"@type\":\"EntryPoint\",\"urlTemplate\":\"https:\/\/puremin.com\/pt-br\/?s={search_term_string}\"},\"query-input\":\"required name=search_term_string\"}],\"inLanguage\":\"pt-BR\"},{\"@type\":\"Organization\",\"@id\":\"https:\/\/puremin.com\/pt-br\/#organization\",\"name\":\"PUREMIN\",\"url\":\"https:\/\/puremin.com\/pt-br\/\",\"logo\":{\"@type\":\"ImageObject\",\"inLanguage\":\"pt-BR\",\"@id\":\"https:\/\/puremin.com\/pt-br\/#\/schema\/logo\/image\/\",\"url\":\"https:\/\/puremin.com\/wp-content\/uploads\/2020\/08\/Puremin.jpg\",\"contentUrl\":\"https:\/\/puremin.com\/wp-content\/uploads\/2020\/08\/Puremin.jpg\",\"width\":1115,\"height\":832,\"caption\":\"PUREMIN\"},\"image\":{\"@id\":\"https:\/\/puremin.com\/pt-br\/#\/schema\/logo\/image\/\"}}]}<\/script>\n<!-- \/ Yoast SEO plugin. -->","yoast_head_json":{"title":"T\u00e9rminos y condiciones - Puremin","robots":{"index":"index","follow":"follow","max-snippet":"max-snippet:-1","max-image-preview":"max-image-preview:large","max-video-preview":"max-video-preview:-1"},"canonical":"https:\/\/puremin.com\/pt-br\/terminos-y-condiciones\/","og_locale":"pt_BR","og_type":"article","og_title":"T\u00e9rminos y condiciones - Puremin","og_description":"Pol\u00edtica de privacidade de contatos Respons\u00e1vel Quem \u00e9 o respons\u00e1vel pelo gerenciamento de seus dados? PUREMIA S.A.P.I de C.V. (PUREMIN) Endere\u00e7o: Caminho a Puremin 1100, Pedro Escobedo, 76700, Queretaro E-mail: info@puremin.com Endere\u00e7o para exerc\u00edcio de direitos das pessoas: Minerais e Produtos Derivados, S.A Departamento de Servi\u00e7os Jur\u00eddicos, c\/ Avenida Algorta no 16 Getxo (Vizcaya), Espanha. [&hellip;]","og_url":"https:\/\/puremin.com\/pt-br\/terminos-y-condiciones\/","og_site_name":"Puremin","article_modified_time":"2020-09-01T03:05:36+00:00","twitter_card":"summary_large_image","twitter_misc":{"Est. tempo de leitura":"3 minutos"},"schema":{"@context":"https:\/\/schema.org","@graph":[{"@type":"WebPage","@id":"https:\/\/puremin.com\/pt-br\/terminos-y-condiciones\/","url":"https:\/\/puremin.com\/pt-br\/terminos-y-condiciones\/","name":"T\u00e9rminos y condiciones - Puremin","isPartOf":{"@id":"https:\/\/puremin.com\/pt-br\/#website"},"datePublished":"2020-08-08T03:08:15+00:00","dateModified":"2020-09-01T03:05:36+00:00","breadcrumb":{"@id":"https:\/\/puremin.com\/pt-br\/terminos-y-condiciones\/#breadcrumb"},"inLanguage":"pt-BR","potentialAction":[{"@type":"ReadAction","target":["https:\/\/puremin.com\/pt-br\/terminos-y-condiciones\/"]}]},{"@type":"BreadcrumbList","@id":"https:\/\/puremin.com\/pt-br\/terminos-y-condiciones\/#breadcrumb","itemListElement":[{"@type":"ListItem","position":1,"name":"Portada","item":"https:\/\/puremin.com\/pt-br\/"},{"@type":"ListItem","position":2,"name":"T\u00e9rminos y condiciones"}]},{"@type":"WebSite","@id":"https:\/\/puremin.com\/pt-br\/#website","url":"https:\/\/puremin.com\/pt-br\/","name":"Puremin","description":"","publisher":{"@id":"https:\/\/puremin.com\/pt-br\/#organization"},"potentialAction":[{"@type":"SearchAction","target":{"@type":"EntryPoint","urlTemplate":"https:\/\/puremin.com\/pt-br\/?s={search_term_string}"},"query-input":"required name=search_term_string"}],"inLanguage":"pt-BR"},{"@type":"Organization","@id":"https:\/\/puremin.com\/pt-br\/#organization","name":"PUREMIN","url":"https:\/\/puremin.com\/pt-br\/","logo":{"@type":"ImageObject","inLanguage":"pt-BR","@id":"https:\/\/puremin.com\/pt-br\/#\/schema\/logo\/image\/","url":"https:\/\/puremin.com\/wp-content\/uploads\/2020\/08\/Puremin.jpg","contentUrl":"https:\/\/puremin.com\/wp-content\/uploads\/2020\/08\/Puremin.jpg","width":1115,"height":832,"caption":"PUREMIN"},"image":{"@id":"https:\/\/puremin.com\/pt-br\/#\/schema\/logo\/image\/"}}]}},"_links":{"self":[{"href":"https:\/\/puremin.com\/pt-br\/wp-json\/wp\/v2\/pages\/6376"}],"collection":[{"href":"https:\/\/puremin.com\/pt-br\/wp-json\/wp\/v2\/pages"}],"about":[{"href":"https:\/\/puremin.com\/pt-br\/wp-json\/wp\/v2\/types\/page"}],"author":[{"embeddable":true,"href":"https:\/\/puremin.com\/pt-br\/wp-json\/wp\/v2\/users\/6"}],"replies":[{"embeddable":true,"href":"https:\/\/puremin.com\/pt-br\/wp-json\/wp\/v2\/comments?post=6376"}],"version-history":[{"count":2,"href":"https:\/\/puremin.com\/pt-br\/wp-json\/wp\/v2\/pages\/6376\/revisions"}],"predecessor-version":[{"id":6382,"href":"https:\/\/puremin.com\/pt-br\/wp-json\/wp\/v2\/pages\/6376\/revisions\/6382"}],"wp:attachment":[{"href":"https:\/\/puremin.com\/pt-br\/wp-json\/wp\/v2\/media?parent=6376"}],"curies":[{"name":"wp","href":"https:\/\/api.w.org\/{rel}","templated":true}]}}