{"id":6277,"date":"2020-08-31T23:23:04","date_gmt":"2020-08-31T23:23:04","guid":{"rendered":"https:\/\/puremin.com\/?page_id=6277"},"modified":"2024-04-30T08:57:58","modified_gmt":"2024-04-30T14:57:58","slug":"contato","status":"publish","type":"page","link":"https:\/\/puremin.com\/pt-br\/contato\/","title":{"rendered":"Contato"},"content":{"rendered":"\n<style type=\"text\/css\" data-created_by=\"avia_inline_auto\" id=\"style-css-av-3g822y-23a609983e2ac9876065055c8dd0d8dc\">\n#top .flex_column.av-3g822y-23a609983e2ac9876065055c8dd0d8dc{\nmargin-top:-30px;\nmargin-bottom:0px;\n}\n.flex_column.av-3g822y-23a609983e2ac9876065055c8dd0d8dc{\nborder-radius:0px 0px 0px 0px;\npadding:0px 4vw 0px 4vw;\n}\n.responsive #top #wrap_all .flex_column.av-3g822y-23a609983e2ac9876065055c8dd0d8dc{\nmargin-top:-30px;\nmargin-bottom:0px;\n}\n<\/style>\n<div  class='flex_column av-3g822y-23a609983e2ac9876065055c8dd0d8dc av_one_full  avia-builder-el-0  el_before_av_one_full  avia-builder-el-first  first flex_column_div  '     ><style type=\"text\/css\" data-created_by=\"avia_inline_auto\" id=\"style-css-av-37coea-e716739fa6d93150b941ef364fbce503\">\n#top .av_textblock_section.av-37coea-e716739fa6d93150b941ef364fbce503 .avia_textblock{\nfont-size:32px;\ncolor:#009ee0;\n}\n\n@media only screen and (min-width: 768px) and (max-width: 989px){ \n#top .av_textblock_section.av-37coea-e716739fa6d93150b941ef364fbce503 .avia_textblock{\nfont-size:32px;\n}\n}\n\n@media only screen and (min-width: 480px) and (max-width: 767px){ \n#top .av_textblock_section.av-37coea-e716739fa6d93150b941ef364fbce503 .avia_textblock{\nfont-size:32px;\n}\n}\n\n@media only screen and (max-width: 479px){ \n#top .av_textblock_section.av-37coea-e716739fa6d93150b941ef364fbce503 .avia_textblock{\nfont-size:32px;\n}\n}\n<\/style>\n<section  class='av_textblock_section av-37coea-e716739fa6d93150b941ef364fbce503 '   itemscope=\"itemscope\" itemtype=\"https:\/\/schema.org\/CreativeWork\" ><div class='avia_textblock av_inherit_color'  itemprop=\"text\" ><p style=\"text-align: center; font-weight: 800;\"><strong>CONTATO<\/strong><\/p>\n<\/div><\/section><\/div>\n\n<style type=\"text\/css\" data-created_by=\"avia_inline_auto\" id=\"style-css-av-fckx1y-e7b206018bbc7ac5e8317e023936be91\">\n#top .flex_column.av-fckx1y-e7b206018bbc7ac5e8317e023936be91{\nmargin-top:-30px;\nmargin-bottom:0px;\n}\n.flex_column.av-fckx1y-e7b206018bbc7ac5e8317e023936be91{\nborder-radius:0px 0px 0px 0px;\npadding:0px 0px 0px 0px;\n}\n.responsive #top #wrap_all .flex_column.av-fckx1y-e7b206018bbc7ac5e8317e023936be91{\nmargin-top:-30px;\nmargin-bottom:0px;\n}\n<\/style>\n<div  class='flex_column av-fckx1y-e7b206018bbc7ac5e8317e023936be91 av_one_full  avia-builder-el-2  el_after_av_one_full  el_before_av_one_half  first flex_column_div av-zero-column-padding  column-top-margin'     ><style type=\"text\/css\" data-created_by=\"avia_inline_auto\" id=\"style-css-av-kbb92he2-d5dcd06d2f59ee14a7fe577dd993e988\">\n#top .av_textblock_section.av-kbb92he2-d5dcd06d2f59ee14a7fe577dd993e988 .avia_textblock{\nfont-size:22px;\ncolor:#003864;\n}\n\n@media only screen and (min-width: 768px) and (max-width: 989px){ \n#top .av_textblock_section.av-kbb92he2-d5dcd06d2f59ee14a7fe577dd993e988 .avia_textblock{\nfont-size:22px;\n}\n}\n\n@media only screen and (min-width: 480px) and (max-width: 767px){ \n#top .av_textblock_section.av-kbb92he2-d5dcd06d2f59ee14a7fe577dd993e988 .avia_textblock{\nfont-size:22px;\n}\n}\n\n@media only screen and (max-width: 479px){ \n#top .av_textblock_section.av-kbb92he2-d5dcd06d2f59ee14a7fe577dd993e988 .avia_textblock{\nfont-size:22px;\n}\n}\n<\/style>\n<section  class='av_textblock_section av-kbb92he2-d5dcd06d2f59ee14a7fe577dd993e988 '   itemscope=\"itemscope\" itemtype=\"https:\/\/schema.org\/CreativeWork\" ><div class='avia_textblock av_inherit_color'  itemprop=\"text\" ><p style=\"text-align: center; line-height: 33px;\"><strong>N\u00f3s queremos ser parte de sua solu\u00e7\u00e3o!<\/strong><\/p>\n<\/div><\/section><br \/>\n\n<style type=\"text\/css\" data-created_by=\"avia_inline_auto\" id=\"style-css-av-kbb92he2-6a2ea0ed83586899686302d7cab58c30\">\n#top .av_textblock_section.av-kbb92he2-6a2ea0ed83586899686302d7cab58c30 .avia_textblock{\ncolor:#676767;\n}\n<\/style>\n<section  class='av_textblock_section av-kbb92he2-6a2ea0ed83586899686302d7cab58c30 '   itemscope=\"itemscope\" itemtype=\"https:\/\/schema.org\/CreativeWork\" ><div class='avia_textblock av_inherit_color'  itemprop=\"text\" ><p style=\"text-align: center; line-height: 33px;\">Se voc\u00ea quer ter mais informa\u00e7\u00e3o sobre nossas solu\u00e7\u00f5es, entre em contato com algum de nossos t\u00e9cnicos, ou simplesmente deixe seus coment\u00e1rios, atrav\u00e9s do preenchimento favor preencher deste formul\u00e1rio te responderemos com a maior rapidez poss\u00edvel.<\/p>\n<\/div><\/section><\/p><\/div>\n\n<style type=\"text\/css\" data-created_by=\"avia_inline_auto\" id=\"style-css-av-kbb6zvrk-9ed28af0dec8005d745da664ca8be21c\">\n.flex_column.av-kbb6zvrk-9ed28af0dec8005d745da664ca8be21c{\nborder-radius:0px 0px 0px 0px;\npadding:2.5em 2.5em 2.5em 2.5em;\nbackground-color:#f6f6f6;\n}\n<\/style>\n<div  class='flex_column av-kbb6zvrk-9ed28af0dec8005d745da664ca8be21c av_one_half  avia-builder-el-5  el_after_av_one_full  el_before_av_one_half  first flex_column_div  column-top-margin'     ><form action=\"https:\/\/puremin.com\/pt-br\/contato\/\" method=\"post\" data-fields-with-error=\"Found errors in the following field(s):\" class=\"avia_ajax_form av-form-labels-visible   avia-builder-el-6  avia-builder-el-no-sibling  puremin-contact  \" data-avia-form-id=\"1\" data-avia-redirect='' ><fieldset><p class='  first_form  form_element form_fullwidth' id='element_avia_1_1'><label for=\"avia_1_1\">Nome <abbr class=\"required\" title=\"required\">*<\/abbr><\/label> <input name=\"avia_1_1\" class=\"text_input is_empty\" type=\"text\" id=\"avia_1_1\" value=\"\" \/><\/p><p class='  first_form  form_element form_fullwidth' id='element_avia_2_1'><label for=\"avia_2_1\">Empresa <abbr class=\"required\" title=\"required\">*<\/abbr><\/label> <input name=\"avia_2_1\" class=\"text_input is_empty\" type=\"text\" id=\"avia_2_1\" value=\"\" \/><\/p><p class='  first_form  form_element form_fullwidth' id='element_avia_3_1'><label for=\"avia_3_1\">Email <abbr class=\"required\" title=\"required\">*<\/abbr><\/label> <input name=\"avia_3_1\" class=\"text_input is_email\" type=\"text\" id=\"avia_3_1\" value=\"\" \/><\/p><p class='  first_form  form_element form_fullwidth' id='element_avia_4_1'><label for=\"avia_4_1\">Telefone <abbr class=\"required\" title=\"required\">*<\/abbr><\/label> <input name=\"avia_4_1\" class=\"text_input is_phone\" type=\"text\" id=\"avia_4_1\" value=\"\" \/><\/p><p class='  first_form  form_element form_fullwidth' id='element_avia_5_1'><label for=\"avia_5_1\">Assunto <abbr class=\"required\" title=\"required\">*<\/abbr><\/label> <input name=\"avia_5_1\" class=\"text_input is_empty\" type=\"text\" id=\"avia_5_1\" value=\"\" \/><\/p><p class='  first_form  form_element form_fullwidth' id='element_avia_6_1'><label for=\"avia_6_1\" class=\"textare_label hidden textare_label_avia_6_1\">Mensagem <abbr class=\"required\" title=\"required\">*<\/abbr><\/label><textarea  name=\"avia_6_1\" class=\"text_area is_empty\" cols=\"40\" rows=\"7\" id=\"avia_6_1\" ><\/textarea><\/p><p class='  first_form  form_element form_fullwidth' id='element_avia_7_1'><input  name=\"avia_7_1\" class=\"input_checkbox is_empty\" type=\"checkbox\" id=\"avia_7_1\" value=\"true\"\/><label class=\"input_checkbox_label\" for=\"avia_7_1\"><span style=\"text-transform: none;\">Li e aceito a <a href=\"#\" data-mfp-src=\"#terminos\" class=\"inline_popup\">pol\u00edtica de privacidade<\/a><\/span> <abbr class=\"required\" title=\"required\">*<\/abbr><\/label><\/p><p class=\"hidden\"><input type=\"text\" name=\"avia_8_1\" class=\"hidden \" id=\"avia_8_1\" value=\"\" \/><\/p><div id='avia_9_1' class='av-recaptcha-area  first_form  form_element form_fullwidth '  data-container_class=\"\" data-custom_class=\"\" data-context=\"av_contact_form\" data-token_input=\"av_recaptcha_token\" data-version=\"avia_recaptcha_v2\" data-theme=\"light\" data-size=\"normal\" data-score=\"0.5\" data-text_to_preview=\"\" data-value=\"\"><div class=\"av-google-badge-message hidden\">This site is protected by reCAPTCHA and the Google <a href=\"https:\/\/policies.google.com\/privacy\">Privacy Policy<\/a> and <a href=\"https:\/\/policies.google.com\/terms\">Terms of Service<\/a> apply.<\/div><\/div><p class=\"form_element \"><input type=\"hidden\" value=\"1\" name=\"avia_generated_form1\" \/><input type=\"submit\" value=\"ENVIAR\" class=\"button\"  data-sending-label=\"Sending\"\/><\/p><\/fieldset><div class=\"avia-disabled-form\">This contact form is deactivated because you refused to accept Google reCaptcha service which is necessary to validate any messages sent by the form.<\/div><\/form><div id=\"ajaxresponse_1\" class=\"ajaxresponse ajaxresponse_1 hidden\"><\/div><\/div>\n\n<style type=\"text\/css\" data-created_by=\"avia_inline_auto\" id=\"style-css-av-2m3uye-ac3571ffb49c713f98be9afc3d9b7021\">\n.flex_column.av-2m3uye-ac3571ffb49c713f98be9afc3d9b7021{\nborder-radius:0px 0px 0px 0px;\npadding:2em 2em 2em 2em;\nbackground-color:#fbfbfb;\n}\n<\/style>\n<div  class='flex_column av-2m3uye-ac3571ffb49c713f98be9afc3d9b7021 av_one_half  avia-builder-el-7  el_after_av_one_half  el_before_av_textblock  flex_column_div  column-top-margin'     ><p>\n<style type=\"text\/css\" data-created_by=\"avia_inline_auto\" id=\"style-css-av-kdjni5q8-f75fbc92ae10540407cdb5d3f3175934\">\n.avia-image-container.av-kdjni5q8-f75fbc92ae10540407cdb5d3f3175934 img.avia_image{\nbox-shadow:none;\n}\n.avia-image-container.av-kdjni5q8-f75fbc92ae10540407cdb5d3f3175934 .av-image-caption-overlay-center{\ncolor:#ffffff;\n}\n<\/style>\n<div  class='avia-image-container av-kdjni5q8-f75fbc92ae10540407cdb5d3f3175934 av-styling- avia_animated_image av-animated-when-visible-95 fade-in avia-align-center  avia-builder-el-8  el_before_av_iconlist  avia-builder-el-first '   itemprop=\"image\" itemscope=\"itemscope\" itemtype=\"https:\/\/schema.org\/ImageObject\" ><div class=\"avia-image-container-inner\"><div class=\"avia-image-overlay-wrap\"><img decoding=\"async\" class='wp-image- avia-img-lazy-loading-not- avia_image ' src=\"https:\/\/puremin.com\/wp-content\/uploads\/2020\/06\/logo-puremin.svg\" alt='' title=''   itemprop=\"thumbnailUrl\"  \/><\/div><\/div><\/div><br \/>\n\n<style type=\"text\/css\" data-created_by=\"avia_inline_auto\" id=\"style-css-av-kdjokxh4-ab1f0a0558c64bd7a49c02e93cde205a\">\n#top .avia-icon-list-container.av-kdjokxh4-ab1f0a0558c64bd7a49c02e93cde205a .iconlist_icon{\ncolor:#009ee0;\n}\n#top #wrap_all .avia-icon-list-container.av-kdjokxh4-ab1f0a0558c64bd7a49c02e93cde205a .av_iconlist_title{\nfont-size:10px;\ncolor:#676767;\n}\n\n@media only screen and (min-width: 768px) and (max-width: 989px){ \n#top #wrap_all .avia-icon-list-container.av-kdjokxh4-ab1f0a0558c64bd7a49c02e93cde205a .av_iconlist_title{\nfont-size:10px;\n}\n}\n\n@media only screen and (min-width: 480px) and (max-width: 767px){ \n#top #wrap_all .avia-icon-list-container.av-kdjokxh4-ab1f0a0558c64bd7a49c02e93cde205a .av_iconlist_title{\nfont-size:10px;\n}\n}\n\n@media only screen and (max-width: 479px){ \n#top #wrap_all .avia-icon-list-container.av-kdjokxh4-ab1f0a0558c64bd7a49c02e93cde205a .av_iconlist_title{\nfont-size:10px;\n}\n}\n<\/style>\n<div  id=\"contact-icons\"  class='avia-icon-list-container av-kdjokxh4-ab1f0a0558c64bd7a49c02e93cde205a  avia-builder-el-9  el_after_av_image  el_before_av_hr '><ul class='avia-icon-list avia_animate_when_almost_visible avia-icon-list-left av-iconlist-big av-kdjokxh4-ab1f0a0558c64bd7a49c02e93cde205a avia-iconlist-animate'>\n<li><div class='iconlist_icon av-1vqu1x-c2550b3381889ed6530ec74fe90d3861 avia-font-goodicons'><span class='iconlist-char' aria-hidden='true' data-av_icon='\ue806' data-av_iconfont='goodicons'><\/span><\/div><article class=\"article-icon-entry av-iconlist-empty\"  itemscope=\"itemscope\" itemtype=\"https:\/\/schema.org\/CreativeWork\" ><div class=\"iconlist_content_wrap\"><header class=\"entry-content-header\"><p class='av_iconlist_title iconlist_title  av_inherit_color'  itemprop=\"headline\" ><\/p>\n<p style=\" text-transform: none;\"><a href=\"#mapa-puremin\">Camino a Puremin 1100, Pedro Escobedo 76700 Quer\u00e9taro, M\u00e9xico.<\/a><\/p>\n<\/header><div class='iconlist_content '  itemprop=\"text\" ><\/div><\/div><footer class=\"entry-footer\"><\/footer><\/article><div class=\"iconlist-timeline\"><\/div><\/li>\n<li><div class='iconlist_icon av-1typ6u-9d86359e5b3b6cd60360313e7c442a2e avia-font-goodicons'><span class='iconlist-char' aria-hidden='true' data-av_icon='\ue807' data-av_iconfont='goodicons'><\/span><\/div><article class=\"article-icon-entry av-iconlist-empty\"  itemscope=\"itemscope\" itemtype=\"https:\/\/schema.org\/CreativeWork\" ><div class=\"iconlist_content_wrap\"><header class=\"entry-content-header\"><p class='av_iconlist_title iconlist_title  av_inherit_color'  itemprop=\"headline\" ><\/p>\n<p style=\"text-transform: none;\"><a href=\"tel:4427910514\">Tel: +52 442 791 0514<\/a><\/p>\n<\/header><div class='iconlist_content '  itemprop=\"text\" ><\/div><\/div><footer class=\"entry-footer\"><\/footer><\/article><div class=\"iconlist-timeline\"><\/div><\/li>\n<li><div class='iconlist_icon av-35n52t-4551b27fb6498fa6a38817d522284689 avia-font-envelope-20'><span class='iconlist-char' aria-hidden='true' data-av_icon='\ue800' data-av_iconfont='envelope-20'><\/span><\/div><article class=\"article-icon-entry av-iconlist-empty\"  itemscope=\"itemscope\" itemtype=\"https:\/\/schema.org\/CreativeWork\" ><div class=\"iconlist_content_wrap\"><header class=\"entry-content-header\"><p class='av_iconlist_title iconlist_title  av_inherit_color'  itemprop=\"headline\" ><\/p>\n<p style=\" text-transform: none;\"><a href=\"mailto:puremin.info@minersa.com\">puremin.info@minersa.com<\/a><\/p>\n<\/header><div class='iconlist_content '  itemprop=\"text\" ><\/div><\/div><footer class=\"entry-footer\"><\/footer><\/article><div class=\"iconlist-timeline\"><\/div><\/li>\n<\/ul><\/div><br \/>\n\n<style type=\"text\/css\" data-created_by=\"avia_inline_auto\" id=\"style-css-av-kdjp11gx-9f49ec70fea5288ee2881f4fdb34ec06\">\n#top .hr.hr-invisible.av-kdjp11gx-9f49ec70fea5288ee2881f4fdb34ec06{\nheight:20px;\n}\n<\/style>\n<div  class='hr av-kdjp11gx-9f49ec70fea5288ee2881f4fdb34ec06 hr-invisible  avia-builder-el-10  el_after_av_iconlist  el_before_av_textblock '><span class='hr-inner '><span class=\"hr-inner-style\"><\/span><\/span><\/div><br \/>\n\n<style type=\"text\/css\" data-created_by=\"avia_inline_auto\" id=\"style-css-av-kbb8h9mu-228fdde9fa042e0a4aeea46e551bedf8\">\n#top .av_textblock_section.av-kbb8h9mu-228fdde9fa042e0a4aeea46e551bedf8 .avia_textblock{\ncolor:#676767;\n}\n<\/style>\n<section  id=\"mapa-puremin\"  class='av_textblock_section av-kbb8h9mu-228fdde9fa042e0a4aeea46e551bedf8 '   itemscope=\"itemscope\" itemtype=\"https:\/\/schema.org\/CreativeWork\" ><div class='avia_textblock av_inherit_color'  itemprop=\"text\" ><div style=\"margin: -2em;\"><iframe style=\"border: 0;\" tabindex=\"0\" src=\"https:\/\/www.google.com\/maps\/embed?pb=!1m14!1m8!1m3!1d4262595.525975387!2d-103.10205179651261!3d20.349547845387804!3m2!1i1024!2i768!4f13.1!3m3!1m2!1s0x85d36ebbe318d285%3A0xddae851bed603e20!2zMjDCsDMxJzM1LjMiTiAxMDDCsDA5JzE1LjUiVw!5e0!3m2!1ses-419!2smx!4v1598549326635!5m2!1ses-419!2smx\" width=\"600\" height=\"450\" frameborder=\"0\" allowfullscreen=\"allowfullscreen\" aria-hidden=\"false\"><\/iframe><\/div>\n<\/div><\/section><\/p><\/div>\n<style type=\"text\/css\" data-created_by=\"avia_inline_auto\" id=\"style-css-av-kbb92he2-9f4e9426d8fed99045a22edfcd3c59a2\">\n#top .av_textblock_section.av-kbb92he2-9f4e9426d8fed99045a22edfcd3c59a2 .avia_textblock{\nfont-size:14px;\ncolor:#676767;\n}\n\n@media only screen and (min-width: 768px) and (max-width: 989px){ \n#top .av_textblock_section.av-kbb92he2-9f4e9426d8fed99045a22edfcd3c59a2 .avia_textblock{\nfont-size:14px;\n}\n}\n\n@media only screen and (min-width: 480px) and (max-width: 767px){ \n#top .av_textblock_section.av-kbb92he2-9f4e9426d8fed99045a22edfcd3c59a2 .avia_textblock{\nfont-size:14px;\n}\n}\n\n@media only screen and (max-width: 479px){ \n#top .av_textblock_section.av-kbb92he2-9f4e9426d8fed99045a22edfcd3c59a2 .avia_textblock{\nfont-size:14px;\n}\n}\n<\/style>\n<section  class='av_textblock_section av-kbb92he2-9f4e9426d8fed99045a22edfcd3c59a2 '   itemscope=\"itemscope\" itemtype=\"https:\/\/schema.org\/CreativeWork\" ><div class='avia_textblock av_inherit_color'  itemprop=\"text\" ><p style=\"line-height: 33px; text-align: left;\">*Campo obrigat\u00f3rio<\/p>\n<\/div><\/section><\/p>\n","protected":false},"excerpt":{"rendered":"","protected":false},"author":6,"featured_media":0,"parent":0,"menu_order":0,"comment_status":"closed","ping_status":"closed","template":"","meta":{"inline_featured_image":false,"footnotes":""},"yoast_head":"<!-- This site is optimized with the Yoast SEO plugin v22.6 - https:\/\/yoast.com\/wordpress\/plugins\/seo\/ -->\n<title>Contato - Puremin<\/title>\n<meta name=\"robots\" content=\"index, follow, max-snippet:-1, max-image-preview:large, max-video-preview:-1\" \/>\n<link rel=\"canonical\" href=\"https:\/\/puremin.com\/pt-br\/contato\/\" \/>\n<meta property=\"og:locale\" content=\"pt_BR\" \/>\n<meta property=\"og:type\" content=\"article\" \/>\n<meta property=\"og:title\" content=\"Contato - Puremin\" \/>\n<meta property=\"og:url\" content=\"https:\/\/puremin.com\/pt-br\/contato\/\" \/>\n<meta property=\"og:site_name\" content=\"Puremin\" \/>\n<meta property=\"article:modified_time\" content=\"2024-04-30T14:57:58+00:00\" \/>\n<meta name=\"twitter:card\" content=\"summary_large_image\" \/>\n<meta name=\"twitter:label1\" content=\"Est. tempo de leitura\" \/>\n\t<meta name=\"twitter:data1\" content=\"1 minuto\" \/>\n<script type=\"application\/ld+json\" class=\"yoast-schema-graph\">{\"@context\":\"https:\/\/schema.org\",\"@graph\":[{\"@type\":\"WebPage\",\"@id\":\"https:\/\/puremin.com\/pt-br\/contato\/\",\"url\":\"https:\/\/puremin.com\/pt-br\/contato\/\",\"name\":\"Contato - Puremin\",\"isPartOf\":{\"@id\":\"https:\/\/puremin.com\/pt-br\/#website\"},\"datePublished\":\"2020-08-31T23:23:04+00:00\",\"dateModified\":\"2024-04-30T14:57:58+00:00\",\"breadcrumb\":{\"@id\":\"https:\/\/puremin.com\/pt-br\/contato\/#breadcrumb\"},\"inLanguage\":\"pt-BR\",\"potentialAction\":[{\"@type\":\"ReadAction\",\"target\":[\"https:\/\/puremin.com\/pt-br\/contato\/\"]}]},{\"@type\":\"BreadcrumbList\",\"@id\":\"https:\/\/puremin.com\/pt-br\/contato\/#breadcrumb\",\"itemListElement\":[{\"@type\":\"ListItem\",\"position\":1,\"name\":\"Portada\",\"item\":\"https:\/\/puremin.com\/pt-br\/\"},{\"@type\":\"ListItem\",\"position\":2,\"name\":\"Contato\"}]},{\"@type\":\"WebSite\",\"@id\":\"https:\/\/puremin.com\/pt-br\/#website\",\"url\":\"https:\/\/puremin.com\/pt-br\/\",\"name\":\"Puremin\",\"description\":\"\",\"publisher\":{\"@id\":\"https:\/\/puremin.com\/pt-br\/#organization\"},\"potentialAction\":[{\"@type\":\"SearchAction\",\"target\":{\"@type\":\"EntryPoint\",\"urlTemplate\":\"https:\/\/puremin.com\/pt-br\/?s={search_term_string}\"},\"query-input\":\"required name=search_term_string\"}],\"inLanguage\":\"pt-BR\"},{\"@type\":\"Organization\",\"@id\":\"https:\/\/puremin.com\/pt-br\/#organization\",\"name\":\"PUREMIN\",\"url\":\"https:\/\/puremin.com\/pt-br\/\",\"logo\":{\"@type\":\"ImageObject\",\"inLanguage\":\"pt-BR\",\"@id\":\"https:\/\/puremin.com\/pt-br\/#\/schema\/logo\/image\/\",\"url\":\"https:\/\/puremin.com\/wp-content\/uploads\/2020\/08\/Puremin.jpg\",\"contentUrl\":\"https:\/\/puremin.com\/wp-content\/uploads\/2020\/08\/Puremin.jpg\",\"width\":1115,\"height\":832,\"caption\":\"PUREMIN\"},\"image\":{\"@id\":\"https:\/\/puremin.com\/pt-br\/#\/schema\/logo\/image\/\"}}]}<\/script>\n<!-- \/ Yoast SEO plugin. -->","yoast_head_json":{"title":"Contato - Puremin","robots":{"index":"index","follow":"follow","max-snippet":"max-snippet:-1","max-image-preview":"max-image-preview:large","max-video-preview":"max-video-preview:-1"},"canonical":"https:\/\/puremin.com\/pt-br\/contato\/","og_locale":"pt_BR","og_type":"article","og_title":"Contato - Puremin","og_url":"https:\/\/puremin.com\/pt-br\/contato\/","og_site_name":"Puremin","article_modified_time":"2024-04-30T14:57:58+00:00","twitter_card":"summary_large_image","twitter_misc":{"Est. tempo de leitura":"1 minuto"},"schema":{"@context":"https:\/\/schema.org","@graph":[{"@type":"WebPage","@id":"https:\/\/puremin.com\/pt-br\/contato\/","url":"https:\/\/puremin.com\/pt-br\/contato\/","name":"Contato - Puremin","isPartOf":{"@id":"https:\/\/puremin.com\/pt-br\/#website"},"datePublished":"2020-08-31T23:23:04+00:00","dateModified":"2024-04-30T14:57:58+00:00","breadcrumb":{"@id":"https:\/\/puremin.com\/pt-br\/contato\/#breadcrumb"},"inLanguage":"pt-BR","potentialAction":[{"@type":"ReadAction","target":["https:\/\/puremin.com\/pt-br\/contato\/"]}]},{"@type":"BreadcrumbList","@id":"https:\/\/puremin.com\/pt-br\/contato\/#breadcrumb","itemListElement":[{"@type":"ListItem","position":1,"name":"Portada","item":"https:\/\/puremin.com\/pt-br\/"},{"@type":"ListItem","position":2,"name":"Contato"}]},{"@type":"WebSite","@id":"https:\/\/puremin.com\/pt-br\/#website","url":"https:\/\/puremin.com\/pt-br\/","name":"Puremin","description":"","publisher":{"@id":"https:\/\/puremin.com\/pt-br\/#organization"},"potentialAction":[{"@type":"SearchAction","target":{"@type":"EntryPoint","urlTemplate":"https:\/\/puremin.com\/pt-br\/?s={search_term_string}"},"query-input":"required name=search_term_string"}],"inLanguage":"pt-BR"},{"@type":"Organization","@id":"https:\/\/puremin.com\/pt-br\/#organization","name":"PUREMIN","url":"https:\/\/puremin.com\/pt-br\/","logo":{"@type":"ImageObject","inLanguage":"pt-BR","@id":"https:\/\/puremin.com\/pt-br\/#\/schema\/logo\/image\/","url":"https:\/\/puremin.com\/wp-content\/uploads\/2020\/08\/Puremin.jpg","contentUrl":"https:\/\/puremin.com\/wp-content\/uploads\/2020\/08\/Puremin.jpg","width":1115,"height":832,"caption":"PUREMIN"},"image":{"@id":"https:\/\/puremin.com\/pt-br\/#\/schema\/logo\/image\/"}}]}},"_links":{"self":[{"href":"https:\/\/puremin.com\/pt-br\/wp-json\/wp\/v2\/pages\/6277"}],"collection":[{"href":"https:\/\/puremin.com\/pt-br\/wp-json\/wp\/v2\/pages"}],"about":[{"href":"https:\/\/puremin.com\/pt-br\/wp-json\/wp\/v2\/types\/page"}],"author":[{"embeddable":true,"href":"https:\/\/puremin.com\/pt-br\/wp-json\/wp\/v2\/users\/6"}],"replies":[{"embeddable":true,"href":"https:\/\/puremin.com\/pt-br\/wp-json\/wp\/v2\/comments?post=6277"}],"version-history":[{"count":17,"href":"https:\/\/puremin.com\/pt-br\/wp-json\/wp\/v2\/pages\/6277\/revisions"}],"predecessor-version":[{"id":8797,"href":"https:\/\/puremin.com\/pt-br\/wp-json\/wp\/v2\/pages\/6277\/revisions\/8797"}],"wp:attachment":[{"href":"https:\/\/puremin.com\/pt-br\/wp-json\/wp\/v2\/media?parent=6277"}],"curies":[{"name":"wp","href":"https:\/\/api.w.org\/{rel}","templated":true}]}}