{"id":6248,"date":"2020-08-31T21:54:50","date_gmt":"2020-08-31T21:54:50","guid":{"rendered":"https:\/\/puremin.com\/?page_id=6248"},"modified":"2020-10-14T23:07:23","modified_gmt":"2020-10-14T23:07:23","slug":"unidades-de-negocio","status":"publish","type":"page","link":"https:\/\/puremin.com\/pt-br\/unidades-de-negocio\/","title":{"rendered":"Unidades de neg\u00f3cio"},"content":{"rendered":"<div id='layer_slider_1'  class='avia-layerslider main_color avia-shadow  avia-builder-el-0  el_before_av_section  avia-builder-el-first  container_wrap fullsize'  style='height: 501px;'  ><\/div>\n\n<style type=\"text\/css\" data-created_by=\"avia_inline_auto\" id=\"style-css-av-3ye3lu-4f688b2219afd47f08ab4d0911ad3605\">\n.avia-section.av-3ye3lu-4f688b2219afd47f08ab4d0911ad3605{\nbackground-color:#ffffff;\nbackground-image:unset;\n}\n<\/style>\n<div id='av_section_1'  class='avia-section av-3ye3lu-4f688b2219afd47f08ab4d0911ad3605 alternate_color avia-section-large avia-no-border-styling  avia-builder-el-1  el_after_av_layerslider  el_before_av_masonry_gallery  avia-bg-style-fixed container_wrap fullsize'  ><div class='container av-section-cont-open' ><div class='template-page content  av-content-full alpha units'><div class='post-entry post-entry-type-page post-entry-6248'><div class='entry-content-wrapper clearfix'>\n\n<style type=\"text\/css\" data-created_by=\"avia_inline_auto\" id=\"style-css-av-3g822y-4fdfb5e5408d03507e1b77847fa88b97\">\n.flex_column.av-3g822y-4fdfb5e5408d03507e1b77847fa88b97{\nborder-radius:0px 0px 0px 0px;\npadding:0px 4vw 0px 4vw;\n}\n<\/style>\n<div  class='flex_column av-3g822y-4fdfb5e5408d03507e1b77847fa88b97 av_one_full  avia-builder-el-2  avia-builder-el-no-sibling  first flex_column_div  '     ><style type=\"text\/css\" data-created_by=\"avia_inline_auto\" id=\"style-css-av-37coea-f98211756ed2f4352d6e39cb8ae1d0df\">\n#top .av_textblock_section.av-37coea-f98211756ed2f4352d6e39cb8ae1d0df .avia_textblock{\ncolor:#676767;\n}\n<\/style>\n<section  class='av_textblock_section av-37coea-f98211756ed2f4352d6e39cb8ae1d0df '   itemscope=\"itemscope\" itemtype=\"https:\/\/schema.org\/CreativeWork\" ><div class='avia_textblock av_inherit_color'  itemprop=\"text\" ><p style=\"text-align: center; font-size: 16px; line-height: 33px;\">Na Puremin estamos totalmente orientados ao mercado e em permanente adapta\u00e7\u00e3o ao mesmo. Por isso, oferecemos um <strong>amplo leque de solu\u00e7\u00f5es inovadoras oriundas de argilas especiais <\/strong>para diferentes aplica\u00e7\u00f5es dentro de diferentes ind\u00fastrias.<\/p>\n<\/div><\/section><\/div>\n\n<div id='av-masonry-1' class='av-masonry av-kdjm5nv7-426e51f7c7d210fe3ab9d4492254de1c noHover av-fixed-size av-no-gap av-hover-overlay-active av-masonry-animation-active av-masonry-col-3 av-caption-always av-caption-style-overlay av-masonry-gallery av-medium-columns-overwrite av-medium-columns-3 av-small-columns-overwrite av-small-columns-1 av-mini-columns-overwrite av-mini-columns-1 av-orientation-square ' data-post_id=\"6248\"><div class=\"av-masonry-container isotope av-js-disabled\"><div class='av-masonry-entry isotope-item av-masonry-item-no-image '><\/div><a href=\"\/terras-de-branqueamento\/?lang=pt-br\"  aria-label=\"image PURIFICA\u00c7\u00c3O DE \u00d3LEOS E GORDURAS\"  id='av-masonry-1-item-6109' data-av-masonry-item='6109' class='av-masonry-entry isotope-item post-6109 attachment type-attachment status-inherit hentry  av-masonry-item-with-image' title=\"PURIFICA\u00c7\u00c3O DE \u00d3LEOS E GORDURAS\" alt=\"PURIFICACI\u00d3N DE ACEITES Y GRASAS\"  data-av-masonry-custom-link=\"\/terras-de-branqueamento\/?lang=pt-br\"  itemprop=\"thumbnailUrl\" ><div class='av-inner-masonry-sizer'><\/div><figure class='av-inner-masonry main_color'><div class=\"av-masonry-outerimage-container\"><div class='av-masonry-image-container' style=\"background-image: url(https:\/\/puremin.com\/wp-content\/uploads\/2020\/08\/Purificacion-de-aceites-705x539.jpg);\"  title=\"PURIFICA\u00c7\u00c3O DE \u00d3LEOS E GORDURAS\"   alt=\"PURIFICACI\u00d3N DE ACEITES Y GRASAS\" ><\/div><\/div><figcaption class='av-inner-masonry-content site-background'><div class='av-inner-masonry-content-pos'><div class='av-inner-masonry-content-pos-content'><div class='avia-arrow'><\/div><h3 class='av-masonry-entry-title entry-title '  itemprop=\"headline\" >PURIFICA\u00c7\u00c3O DE \u00d3LEOS E GORDURAS<\/h3><\/div><\/div><\/figcaption><\/figure><\/a><!--end av-masonry entry--><a href=\"\/reologia-e-aditivos-funcionais\/?lang=pt-br\"  aria-label=\"image CONSTRU\u00c7\u00c3O, TINTAS E ADESIVOS\"  id='av-masonry-1-item-6110' data-av-masonry-item='6110' class='av-masonry-entry isotope-item post-6110 attachment type-attachment status-inherit hentry  av-masonry-item-with-image' title=\"CONSTRU\u00c7\u00c3O, TINTAS E ADESIVOS\" alt=\"CONSTRUCCI\u00d3N, PINTURAS Y ADHESIVOS\"  data-av-masonry-custom-link=\"\/reologia-e-aditivos-funcionais\/?lang=pt-br\"  itemprop=\"thumbnailUrl\" ><div class='av-inner-masonry-sizer'><\/div><figure class='av-inner-masonry main_color'><div class=\"av-masonry-outerimage-container\"><div class='av-masonry-image-container' style=\"background-image: url(https:\/\/puremin.com\/wp-content\/uploads\/2020\/08\/construccion-pinturas-y-adhesivos-705x470.jpg);\"  title=\"CONSTRU\u00c7\u00c3O, TINTAS E ADESIVOS\"   alt=\"CONSTRUCCI\u00d3N, PINTURAS Y ADHESIVOS\" ><\/div><\/div><figcaption class='av-inner-masonry-content site-background'><div class='av-inner-masonry-content-pos'><div class='av-inner-masonry-content-pos-content'><div class='avia-arrow'><\/div><h3 class='av-masonry-entry-title entry-title '  itemprop=\"headline\" >CONSTRU\u00c7\u00c3O, TINTAS E ADESIVOS<\/h3><\/div><\/div><\/figcaption><\/figure><\/a><!--end av-masonry entry--><a href=\"\/aditivos-adsorventes-de-micotoxinas\/?lang=pt-br\"  aria-label=\"image ALIMENTA\u00c7\u00c3O ANIMAL\"  id='av-masonry-1-item-6111' data-av-masonry-item='6111' class='av-masonry-entry isotope-item post-6111 attachment type-attachment status-inherit hentry  av-masonry-item-with-image' title=\"ALIMENTA\u00c7\u00c3O ANIMAL\" alt=\"ALIMENTACI\u00d3N ANIMAL\"  data-av-masonry-custom-link=\"\/aditivos-adsorventes-de-micotoxinas\/?lang=pt-br\"  itemprop=\"thumbnailUrl\" ><div class='av-inner-masonry-sizer'><\/div><figure class='av-inner-masonry main_color'><div class=\"av-masonry-outerimage-container\"><div class='av-masonry-image-container' style=\"background-image: url(https:\/\/puremin.com\/wp-content\/uploads\/2020\/08\/Alimentacion-animal-705x539.jpg);\"  title=\"ALIMENTA\u00c7\u00c3O ANIMAL\"   alt=\"ALIMENTACI\u00d3N ANIMAL\" ><\/div><\/div><figcaption class='av-inner-masonry-content site-background'><div class='av-inner-masonry-content-pos'><div class='av-inner-masonry-content-pos-content'><div class='avia-arrow'><\/div><h3 class='av-masonry-entry-title entry-title '  itemprop=\"headline\" >ALIMENTA\u00c7\u00c3O ANIMAL<\/h3><\/div><\/div><\/figcaption><\/figure><\/a><!--end av-masonry entry--><\/div><\/div>\n\n<style type=\"text\/css\" data-created_by=\"avia_inline_auto\" id=\"style-css-av-kbb2vedv-eb079d227986adb4221a3b07b429c375\">\n.avia-section.av-kbb2vedv-eb079d227986adb4221a3b07b429c375{\nbackground-color:#ffffff;\nbackground-image:unset;\n}\n<\/style>\n<div id='av_section_2'  class='avia-section av-kbb2vedv-eb079d227986adb4221a3b07b429c375 main_color avia-section-small avia-no-border-styling  avia-builder-el-5  el_after_av_masonry_gallery  avia-builder-el-last  avia-bg-style-scroll container_wrap fullsize'  ><div class='container av-section-cont-open' ><div class='template-page content  av-content-full alpha units'><div class='post-entry post-entry-type-page post-entry-6248'><div class='entry-content-wrapper clearfix'>\n","protected":false},"excerpt":{"rendered":"","protected":false},"author":6,"featured_media":0,"parent":0,"menu_order":0,"comment_status":"closed","ping_status":"closed","template":"","meta":{"inline_featured_image":false,"footnotes":""},"yoast_head":"<!-- This site is optimized with the Yoast SEO plugin v22.6 - https:\/\/yoast.com\/wordpress\/plugins\/seo\/ -->\n<title>Unidades de neg\u00f3cio - Puremin<\/title>\n<meta name=\"robots\" content=\"index, follow, max-snippet:-1, max-image-preview:large, max-video-preview:-1\" \/>\n<link rel=\"canonical\" href=\"https:\/\/puremin.com\/pt-br\/unidades-de-negocio\/\" \/>\n<meta property=\"og:locale\" content=\"pt_BR\" \/>\n<meta property=\"og:type\" content=\"article\" \/>\n<meta property=\"og:title\" content=\"Unidades de neg\u00f3cio - Puremin\" \/>\n<meta property=\"og:url\" content=\"https:\/\/puremin.com\/pt-br\/unidades-de-negocio\/\" \/>\n<meta property=\"og:site_name\" content=\"Puremin\" \/>\n<meta property=\"article:modified_time\" content=\"2020-10-14T23:07:23+00:00\" \/>\n<meta name=\"twitter:card\" content=\"summary_large_image\" \/>\n<meta name=\"twitter:label1\" content=\"Est. tempo de leitura\" \/>\n\t<meta name=\"twitter:data1\" content=\"3 minutos\" \/>\n<script type=\"application\/ld+json\" class=\"yoast-schema-graph\">{\"@context\":\"https:\/\/schema.org\",\"@graph\":[{\"@type\":\"WebPage\",\"@id\":\"https:\/\/puremin.com\/pt-br\/unidades-de-negocio\/\",\"url\":\"https:\/\/puremin.com\/pt-br\/unidades-de-negocio\/\",\"name\":\"Unidades de neg\u00f3cio - Puremin\",\"isPartOf\":{\"@id\":\"https:\/\/puremin.com\/pt-br\/#website\"},\"datePublished\":\"2020-08-31T21:54:50+00:00\",\"dateModified\":\"2020-10-14T23:07:23+00:00\",\"breadcrumb\":{\"@id\":\"https:\/\/puremin.com\/pt-br\/unidades-de-negocio\/#breadcrumb\"},\"inLanguage\":\"pt-BR\",\"potentialAction\":[{\"@type\":\"ReadAction\",\"target\":[\"https:\/\/puremin.com\/pt-br\/unidades-de-negocio\/\"]}]},{\"@type\":\"BreadcrumbList\",\"@id\":\"https:\/\/puremin.com\/pt-br\/unidades-de-negocio\/#breadcrumb\",\"itemListElement\":[{\"@type\":\"ListItem\",\"position\":1,\"name\":\"Portada\",\"item\":\"https:\/\/puremin.com\/pt-br\/\"},{\"@type\":\"ListItem\",\"position\":2,\"name\":\"Unidades de neg\u00f3cio\"}]},{\"@type\":\"WebSite\",\"@id\":\"https:\/\/puremin.com\/pt-br\/#website\",\"url\":\"https:\/\/puremin.com\/pt-br\/\",\"name\":\"Puremin\",\"description\":\"\",\"publisher\":{\"@id\":\"https:\/\/puremin.com\/pt-br\/#organization\"},\"potentialAction\":[{\"@type\":\"SearchAction\",\"target\":{\"@type\":\"EntryPoint\",\"urlTemplate\":\"https:\/\/puremin.com\/pt-br\/?s={search_term_string}\"},\"query-input\":\"required name=search_term_string\"}],\"inLanguage\":\"pt-BR\"},{\"@type\":\"Organization\",\"@id\":\"https:\/\/puremin.com\/pt-br\/#organization\",\"name\":\"PUREMIN\",\"url\":\"https:\/\/puremin.com\/pt-br\/\",\"logo\":{\"@type\":\"ImageObject\",\"inLanguage\":\"pt-BR\",\"@id\":\"https:\/\/puremin.com\/pt-br\/#\/schema\/logo\/image\/\",\"url\":\"https:\/\/puremin.com\/wp-content\/uploads\/2020\/08\/Puremin.jpg\",\"contentUrl\":\"https:\/\/puremin.com\/wp-content\/uploads\/2020\/08\/Puremin.jpg\",\"width\":1115,\"height\":832,\"caption\":\"PUREMIN\"},\"image\":{\"@id\":\"https:\/\/puremin.com\/pt-br\/#\/schema\/logo\/image\/\"}}]}<\/script>\n<!-- \/ Yoast SEO plugin. -->","yoast_head_json":{"title":"Unidades de neg\u00f3cio - Puremin","robots":{"index":"index","follow":"follow","max-snippet":"max-snippet:-1","max-image-preview":"max-image-preview:large","max-video-preview":"max-video-preview:-1"},"canonical":"https:\/\/puremin.com\/pt-br\/unidades-de-negocio\/","og_locale":"pt_BR","og_type":"article","og_title":"Unidades de neg\u00f3cio - Puremin","og_url":"https:\/\/puremin.com\/pt-br\/unidades-de-negocio\/","og_site_name":"Puremin","article_modified_time":"2020-10-14T23:07:23+00:00","twitter_card":"summary_large_image","twitter_misc":{"Est. tempo de leitura":"3 minutos"},"schema":{"@context":"https:\/\/schema.org","@graph":[{"@type":"WebPage","@id":"https:\/\/puremin.com\/pt-br\/unidades-de-negocio\/","url":"https:\/\/puremin.com\/pt-br\/unidades-de-negocio\/","name":"Unidades de neg\u00f3cio - Puremin","isPartOf":{"@id":"https:\/\/puremin.com\/pt-br\/#website"},"datePublished":"2020-08-31T21:54:50+00:00","dateModified":"2020-10-14T23:07:23+00:00","breadcrumb":{"@id":"https:\/\/puremin.com\/pt-br\/unidades-de-negocio\/#breadcrumb"},"inLanguage":"pt-BR","potentialAction":[{"@type":"ReadAction","target":["https:\/\/puremin.com\/pt-br\/unidades-de-negocio\/"]}]},{"@type":"BreadcrumbList","@id":"https:\/\/puremin.com\/pt-br\/unidades-de-negocio\/#breadcrumb","itemListElement":[{"@type":"ListItem","position":1,"name":"Portada","item":"https:\/\/puremin.com\/pt-br\/"},{"@type":"ListItem","position":2,"name":"Unidades de neg\u00f3cio"}]},{"@type":"WebSite","@id":"https:\/\/puremin.com\/pt-br\/#website","url":"https:\/\/puremin.com\/pt-br\/","name":"Puremin","description":"","publisher":{"@id":"https:\/\/puremin.com\/pt-br\/#organization"},"potentialAction":[{"@type":"SearchAction","target":{"@type":"EntryPoint","urlTemplate":"https:\/\/puremin.com\/pt-br\/?s={search_term_string}"},"query-input":"required name=search_term_string"}],"inLanguage":"pt-BR"},{"@type":"Organization","@id":"https:\/\/puremin.com\/pt-br\/#organization","name":"PUREMIN","url":"https:\/\/puremin.com\/pt-br\/","logo":{"@type":"ImageObject","inLanguage":"pt-BR","@id":"https:\/\/puremin.com\/pt-br\/#\/schema\/logo\/image\/","url":"https:\/\/puremin.com\/wp-content\/uploads\/2020\/08\/Puremin.jpg","contentUrl":"https:\/\/puremin.com\/wp-content\/uploads\/2020\/08\/Puremin.jpg","width":1115,"height":832,"caption":"PUREMIN"},"image":{"@id":"https:\/\/puremin.com\/pt-br\/#\/schema\/logo\/image\/"}}]}},"_links":{"self":[{"href":"https:\/\/puremin.com\/pt-br\/wp-json\/wp\/v2\/pages\/6248"}],"collection":[{"href":"https:\/\/puremin.com\/pt-br\/wp-json\/wp\/v2\/pages"}],"about":[{"href":"https:\/\/puremin.com\/pt-br\/wp-json\/wp\/v2\/types\/page"}],"author":[{"embeddable":true,"href":"https:\/\/puremin.com\/pt-br\/wp-json\/wp\/v2\/users\/6"}],"replies":[{"embeddable":true,"href":"https:\/\/puremin.com\/pt-br\/wp-json\/wp\/v2\/comments?post=6248"}],"version-history":[{"count":4,"href":"https:\/\/puremin.com\/pt-br\/wp-json\/wp\/v2\/pages\/6248\/revisions"}],"predecessor-version":[{"id":8169,"href":"https:\/\/puremin.com\/pt-br\/wp-json\/wp\/v2\/pages\/6248\/revisions\/8169"}],"wp:attachment":[{"href":"https:\/\/puremin.com\/pt-br\/wp-json\/wp\/v2\/media?parent=6248"}],"curies":[{"name":"wp","href":"https:\/\/api.w.org\/{rel}","templated":true}]}}